{"id":1448,"date":"2024-03-13T11:42:13","date_gmt":"2024-03-13T11:42:13","guid":{"rendered":"https:\/\/xparesfinance.pro\/stocks-heat-map"},"modified":"2024-07-08T13:06:48","modified_gmt":"2024-07-08T13:06:48","slug":"stocks-heat-map","status":"publish","type":"page","link":"https:\/\/xparesfinance.pro\/hr\/stocks-heat-map","title":{"rendered":"Toplinska karta dionica"},"content":{"rendered":"\t\t<div data-elementor-type=\"wp-page\" data-elementor-id=\"1448\" class=\"elementor elementor-1448\" data-elementor-post-type=\"page\">\n\t\t\t\t\t\t<div class=\"elementor-section elementor-top-section elementor-element elementor-element-c683536 animated-fast elementor-section-height-min-height elementor-section-boxed elementor-section-height-default elementor-section-items-middle elementor-invisible\" data-id=\"c683536\" data-element_type=\"section\" data-settings=\"{&quot;animation&quot;:&quot;zoomIn&quot;}\">\n\t\t\t\t\t\t<div class=\"elementor-container elementor-column-gap-default\">\n\t\t\t\t\t<div class=\"elementor-column elementor-col-100 elementor-top-column elementor-element elementor-element-af6bee5\" data-id=\"af6bee5\" data-element_type=\"column\" data-settings=\"{&quot;background_background&quot;:&quot;classic&quot;}\">\n\t\t\t<div class=\"elementor-widget-wrap elementor-element-populated\">\n\t\t\t\t<div class=\"elementor-element elementor-element-03dc72e e-con-full e-flex e-con e-parent\" data-id=\"03dc72e\" data-element_type=\"container\" data-settings=\"{&quot;content_width&quot;:&quot;full&quot;}\" data-core-v316-plus=\"true\">\n\t\t<div class=\"elementor-element elementor-element-655c363 e-con-full e-flex e-con e-child\" data-id=\"655c363\" data-element_type=\"container\" data-settings=\"{&quot;content_width&quot;:&quot;full&quot;}\">\n\t\t\t\t<div class=\"elementor-element elementor-element-032743e  ui-split-animate ui-e-a-animate ui-splitby-chars elementor-widget elementor-widget-highlighted-text\" data-id=\"032743e\" data-element_type=\"widget\" data-settings=\"{&quot;ui_animate_split&quot;:&quot;ui-split-animate&quot;,&quot;ui_animate_split_by&quot;:&quot;chars&quot;,&quot;ui_animate_split_style&quot;:&quot;fadeInUp&quot;}\" data-widget_type=\"highlighted-text.default\">\n\t\t\t\t<div class=\"elementor-widget-container\">\n\t\t\t\t\t<h1 class=\"ui-e--highlighted-text\" >\r\n        <span class=\"ui-e-headline-text\">TOPLINSKA KARTA<\/span><span class=\"ui-e-headline-text ui-e-headline-color\">\r\n\t\t\t\t\t\t\t\t\t<span class=\"whitespace\"> <\/span><span><span class=\"ui-e-headline-text ui-e-headline-highlighted\">DIONICA<\/span><span class=\"uicore-svg-wrapper\"><svg xmlns=\"http:\/\/www.w3.org\/2000\/svg\" viewBox=\"0 0 500 150\" preserveAspectRatio=\"none\"><\/svg><\/span><\/span><span class=\"whitespace\"> <\/span><\/span>        <\/h1>\r\n        \t\t<\/div>\n\t\t\t\t<\/div>\n\t\t\t\t<div class=\"elementor-element elementor-element-375c9ea elementor-widget__width-initial elementor-widget-mobile__width-inherit elementor-widget-tablet__width-inherit elementor-invisible elementor-widget elementor-widget-text-editor\" data-id=\"375c9ea\" data-element_type=\"widget\" data-settings=\"{&quot;_animation&quot;:&quot;fadeInRight&quot;,&quot;_animation_delay&quot;:400}\" data-widget_type=\"text-editor.default\">\n\t\t\t\t<div class=\"elementor-widget-container\">\n\t\t\t<style>\/*! elementor - v3.19.0 - 07-02-2024 *\/\n.elementor-widget-text-editor.elementor-drop-cap-view-stacked .elementor-drop-cap{background-color:#69727d;color:#fff}.elementor-widget-text-editor.elementor-drop-cap-view-framed .elementor-drop-cap{color:#69727d;border:3px solid;background-color:transparent}.elementor-widget-text-editor:not(.elementor-drop-cap-view-default) .elementor-drop-cap{margin-top:8px}.elementor-widget-text-editor:not(.elementor-drop-cap-view-default) .elementor-drop-cap-letter{width:1em;height:1em}.elementor-widget-text-editor .elementor-drop-cap{float:left;text-align:center;line-height:1;font-size:50px}.elementor-widget-text-editor .elementor-drop-cap-letter{display:inline-block}<\/style>\t\t\t\tPomo\u0107u ovog widgeta mo\u017eete sortirati dionice koje se nalaze u va\u0161em investicijskom portfelju prema kategoriji ili regiji. \t\t\t\t\t\t<\/div>\n\t\t\t\t<\/div>\n\t\t\t\t<\/div>\n\t\t<div class=\"elementor-element elementor-element-3e9110b e-flex e-con-boxed e-con e-child\" data-id=\"3e9110b\" data-element_type=\"container\" data-settings=\"{&quot;content_width&quot;:&quot;boxed&quot;}\">\n\t\t\t\t\t<div class=\"e-con-inner\">\n\t\t\t\t<div class=\"elementor-element elementor-element-f30c6c0 elementor-widget elementor-widget-html\" data-id=\"f30c6c0\" data-element_type=\"widget\" data-widget_type=\"html.default\">\n\t\t\t\t<div class=\"elementor-widget-container\">\n\t\t\t<!-- TradingView Widget BEGIN -->\n<div class=\"tradingview-widget-container\">\n  <div class=\"tradingview-widget-container__widget\"><\/div>\n  <script type=\"text\/javascript\" src=\"https:\/\/s3.tradingview.com\/external-embedding\/embed-widget-stock-heatmap.js\" async>\n  {\n  \"exchanges\": [],\n  \"dataSource\": \"SPX500\",\n  \"grouping\": \"sector\",\n  \"blockSize\": \"market_cap_basic\",\n  \"blockColor\": \"change\",\n  \"locale\": \"en\",\n  \"symbolUrl\": \"\",\n  \"colorTheme\": \"dark\",\n  \"hasTopBar\": false,\n  \"isDataSetEnabled\": false,\n  \"isZoomEnabled\": true,\n  \"hasSymbolTooltip\": true,\n  \"isTransparent\":true,\n  \"width\": \"100%\",\n  \"height\": \"550\"\n}\n  <\/script>\n<\/div>\n<!-- TradingView Widget END -->\n<a href=\"\/\" class=\"brand-label\"><img decoding=\"async\" src=\"https:\/\/xparesfinance.pro\/wp-content\/uploads\/2024\/07\/favicon-tw.png\"\/><p>Xpares Finance<\/p><\/a>\t\t<\/div>\n\t\t\t\t<\/div>\n\t\t\t\t\t<\/div>\n\t\t\t\t<\/div>\n\t\t\t\t<\/div>\n\t\t\t\t\t<\/div>\n\t\t<\/div>\n\t\t\t\t\t<\/div>\n\t\t<\/div>\n\t\t\t\t<\/div>\n\t\t","protected":false},"excerpt":{"rendered":"<p>TOPLINSKA KARTA DIONICA Pomo\u0107u ovog widgeta mo\u017eete sortirati dionice koje se nalaze u va\u0161em investicijskom portfelju prema kategoriji ili regiji. Xpares Finance<\/p>\n","protected":false},"author":3,"featured_media":0,"parent":0,"menu_order":0,"comment_status":"closed","ping_status":"closed","template":"","meta":[],"_links":{"self":[{"href":"https:\/\/xparesfinance.pro\/hr\/wp-json\/wp\/v2\/pages\/1448"}],"collection":[{"href":"https:\/\/xparesfinance.pro\/hr\/wp-json\/wp\/v2\/pages"}],"about":[{"href":"https:\/\/xparesfinance.pro\/hr\/wp-json\/wp\/v2\/types\/page"}],"author":[{"embeddable":true,"href":"https:\/\/xparesfinance.pro\/hr\/wp-json\/wp\/v2\/users\/3"}],"replies":[{"embeddable":true,"href":"https:\/\/xparesfinance.pro\/hr\/wp-json\/wp\/v2\/comments?post=1448"}],"version-history":[{"count":4,"href":"https:\/\/xparesfinance.pro\/hr\/wp-json\/wp\/v2\/pages\/1448\/revisions"}],"predecessor-version":[{"id":1767,"href":"https:\/\/xparesfinance.pro\/hr\/wp-json\/wp\/v2\/pages\/1448\/revisions\/1767"}],"wp:attachment":[{"href":"https:\/\/xparesfinance.pro\/hr\/wp-json\/wp\/v2\/media?parent=1448"}],"curies":[{"name":"wp","href":"https:\/\/api.w.org\/{rel}","templated":true}]}}