{"id":1402,"date":"2024-03-13T15:06:38","date_gmt":"2024-03-13T15:06:38","guid":{"rendered":"https:\/\/xparesfinance.pro\/technical-analysis"},"modified":"2024-07-08T13:10:10","modified_gmt":"2024-07-08T13:10:10","slug":"technical-analysis","status":"publish","type":"page","link":"https:\/\/xparesfinance.pro\/cs\/technical-analysis","title":{"rendered":"Technick\u00e1 anal\u00fdza"},"content":{"rendered":"\t\t<div data-elementor-type=\"wp-page\" data-elementor-id=\"1402\" class=\"elementor elementor-1402\" data-elementor-post-type=\"page\">\n\t\t\t\t\t\t<div class=\"elementor-section elementor-top-section elementor-element elementor-element-c683536 animated-fast elementor-section-height-min-height elementor-section-boxed elementor-section-height-default elementor-section-items-middle elementor-invisible\" data-id=\"c683536\" data-element_type=\"section\" data-settings=\"{&quot;animation&quot;:&quot;zoomIn&quot;}\">\n\t\t\t\t\t\t<div class=\"elementor-container elementor-column-gap-default\">\n\t\t\t\t\t<div class=\"elementor-column elementor-col-100 elementor-top-column elementor-element elementor-element-af6bee5\" data-id=\"af6bee5\" data-element_type=\"column\" data-settings=\"{&quot;background_background&quot;:&quot;classic&quot;}\">\n\t\t\t<div class=\"elementor-widget-wrap elementor-element-populated\">\n\t\t\t\t<div class=\"elementor-element elementor-element-03dc72e e-con-full e-flex e-con e-parent\" data-id=\"03dc72e\" data-element_type=\"container\" data-settings=\"{&quot;content_width&quot;:&quot;full&quot;}\" data-core-v316-plus=\"true\">\n\t\t<div class=\"elementor-element elementor-element-655c363 e-con-full e-flex e-con e-child\" data-id=\"655c363\" data-element_type=\"container\" data-settings=\"{&quot;content_width&quot;:&quot;full&quot;}\">\n\t\t\t\t<div class=\"elementor-element elementor-element-032743e  ui-split-animate ui-e-a-animate ui-splitby-chars elementor-widget elementor-widget-highlighted-text\" data-id=\"032743e\" data-element_type=\"widget\" data-settings=\"{&quot;ui_animate_split&quot;:&quot;ui-split-animate&quot;,&quot;ui_animate_split_by&quot;:&quot;chars&quot;,&quot;ui_animate_split_style&quot;:&quot;fadeInUp&quot;}\" data-widget_type=\"highlighted-text.default\">\n\t\t\t\t<div class=\"elementor-widget-container\">\n\t\t\t\t\t<h1 class=\"ui-e--highlighted-text\" >\r\n        <span class=\"ui-e-headline-text\">TECHNICK\u00c1<\/span><span class=\"ui-e-headline-text ui-e-headline-color\">\r\n\t\t\t\t\t\t\t\t\t<span class=\"whitespace\"> <\/span><span><span class=\"ui-e-headline-text ui-e-headline-highlighted\">ANAL\u00ddZA<\/span><span class=\"uicore-svg-wrapper\"><svg xmlns=\"http:\/\/www.w3.org\/2000\/svg\" viewBox=\"0 0 500 150\" preserveAspectRatio=\"none\"><\/svg><\/span><\/span><span class=\"whitespace\"> <\/span><\/span>        <\/h1>\r\n        \t\t<\/div>\n\t\t\t\t<\/div>\n\t\t<div class=\"elementor-element elementor-element-5863cc2 e-con-full e-flex e-con e-child\" data-id=\"5863cc2\" data-element_type=\"container\" data-settings=\"{&quot;content_width&quot;:&quot;full&quot;}\">\n\t\t\t\t<div class=\"elementor-element elementor-element-e21f752 elementor-widget__width-initial elementor-widget-mobile__width-inherit elementor-widget-tablet__width-inherit elementor-invisible elementor-widget elementor-widget-text-editor\" data-id=\"e21f752\" data-element_type=\"widget\" data-settings=\"{&quot;_animation&quot;:&quot;fadeInRight&quot;,&quot;_animation_delay&quot;:400}\" data-widget_type=\"text-editor.default\">\n\t\t\t\t<div class=\"elementor-widget-container\">\n\t\t\t<style>\/*! elementor - v3.19.0 - 07-02-2024 *\/\n.elementor-widget-text-editor.elementor-drop-cap-view-stacked .elementor-drop-cap{background-color:#69727d;color:#fff}.elementor-widget-text-editor.elementor-drop-cap-view-framed .elementor-drop-cap{color:#69727d;border:3px solid;background-color:transparent}.elementor-widget-text-editor:not(.elementor-drop-cap-view-default) .elementor-drop-cap{margin-top:8px}.elementor-widget-text-editor:not(.elementor-drop-cap-view-default) .elementor-drop-cap-letter{width:1em;height:1em}.elementor-widget-text-editor .elementor-drop-cap{float:left;text-align:center;line-height:1;font-size:50px}.elementor-widget-text-editor .elementor-drop-cap-letter{display:inline-block}<\/style>\t\t\t\tTento n\u00e1stroj v\u00e1m pom\u016f\u017ee pou\u017e\u00edt r\u016fzn\u00e9 strategie a naj\u00edt nejlep\u0161\u00ed p\u0159\u00edle\u017eitosti ke vstupu a v\u00fdstupu z pozice. \t\t\t\t\t\t<\/div>\n\t\t\t\t<\/div>\n\t\t\t\t<div class=\"elementor-element elementor-element-b6466a9 elementor-widget__width-initial elementor-widget-mobile__width-inherit ui-float-widget  ui-float-l elementor-invisible elementor-widget elementor-widget-button\" data-id=\"b6466a9\" data-element_type=\"widget\" data-settings=\"{&quot;_animation&quot;:&quot;fadeInDown&quot;,&quot;_animation_delay&quot;:400}\" data-widget_type=\"button.default\">\n\t\t\t\t<div class=\"elementor-widget-container\">\n\t\t\t\t\t<div class=\"elementor-button-wrapper\">\n\t\t\t<a class=\"elementor-button elementor-button-link elementor-size-sm\" href=\"#tickers\">\n\t\t\t\t\t\t<span class=\"elementor-button-content-wrapper\">\n\t\t\t\t\t\t<span class=\"elementor-button-icon elementor-align-icon-left\">\n\t\t\t\t<i aria-hidden=\"true\" class=\"ti ti-mouse\"><\/i>\t\t\t<\/span>\n\t\t\t\t\t\t<span class=\"elementor-button-text\">POSUNOUT DOL\u016e <\/span>\n\t\t<\/span>\n\t\t\t\t\t<\/a>\n\t\t<\/div>\n\t\t\t\t<\/div>\n\t\t\t\t<\/div>\n\t\t\t\t<\/div>\n\t\t\t\t<\/div>\n\t\t<div class=\"elementor-element elementor-element-3e9110b e-flex e-con-boxed e-con e-child\" data-id=\"3e9110b\" data-element_type=\"container\" data-settings=\"{&quot;content_width&quot;:&quot;boxed&quot;}\">\n\t\t\t\t\t<div class=\"e-con-inner\">\n\t\t\t\t<div class=\"elementor-element elementor-element-801e6df elementor-invisible elementor-widget elementor-widget-html\" data-id=\"801e6df\" data-element_type=\"widget\" data-settings=\"{&quot;_animation&quot;:&quot;zoomOutLeft&quot;}\" data-widget_type=\"html.default\">\n\t\t\t\t<div class=\"elementor-widget-container\">\n\t\t\t<!-- TradingView Widget BEGIN -->\n<div class=\"tradingview-widget-container\">\n  <div class=\"tradingview-widget-container__widget\"><\/div>\n  <script type=\"text\/javascript\" src=\"https:\/\/s3.tradingview.com\/external-embedding\/embed-widget-technical-analysis.js\" async>\n  {\n  \"interval\": \"1m\",\n  \"width\": \"100%\",\n  \"isTransparent\": true,\n  \"height\": 370,\n  \"symbol\": \"NASDAQ:AAPL\",\n  \"showIntervalTabs\": true,\n  \"displayMode\": \"single\",\n  \"locale\": \"cs\",\n  \"colorTheme\": \"light\"\n}\n  <\/script>\n<\/div>\n<a href=\"\/\" class=\"brand-label\"><img decoding=\"async\" src=\"https:\/\/xparesfinance.pro\/wp-content\/uploads\/2024\/07\/favicon-tw.png\"\/><p>Xpares Finance<\/p><\/a>\t\t<\/div>\n\t\t\t\t<\/div>\n\t\t\t\t\t<\/div>\n\t\t\t\t<\/div>\n\t\t\t\t<\/div>\n\t\t\t\t\t<\/div>\n\t\t<\/div>\n\t\t\t\t\t<\/div>\n\t\t<\/div>\n\t\t\t\t<section class=\"elementor-section elementor-top-section elementor-element elementor-element-5bb2b12 elementor-section-boxed elementor-section-height-default elementor-section-height-default\" data-id=\"5bb2b12\" data-element_type=\"section\" id=\"tickers\">\n\t\t\t\t\t\t<div class=\"elementor-container elementor-column-gap-default\">\n\t\t\t\t\t<div class=\"elementor-column elementor-col-100 elementor-top-column elementor-element elementor-element-c196c5c\" data-id=\"c196c5c\" data-element_type=\"column\">\n\t\t\t<div class=\"elementor-widget-wrap elementor-element-populated\">\n\t\t\t\t\t\t<section class=\"elementor-section elementor-inner-section elementor-element elementor-element-2caad45 elementor-section-boxed elementor-section-height-default elementor-section-height-default\" data-id=\"2caad45\" data-element_type=\"section\">\n\t\t\t\t\t\t<div class=\"elementor-container elementor-column-gap-default\">\n\t\t\t\t\t<div class=\"elementor-column elementor-col-33 elementor-inner-column elementor-element elementor-element-b8c48a3 elementor-invisible\" data-id=\"b8c48a3\" data-element_type=\"column\" data-settings=\"{&quot;background_background&quot;:&quot;classic&quot;,&quot;animation&quot;:&quot;zoomOutUp&quot;,&quot;animation_delay&quot;:200}\">\n\t\t\t<div class=\"elementor-widget-wrap elementor-element-populated\">\n\t\t\t\t\t\t<div class=\"elementor-element elementor-element-b9acae5 elementor-widget elementor-widget-html\" data-id=\"b9acae5\" data-element_type=\"widget\" data-widget_type=\"html.default\">\n\t\t\t\t<div class=\"elementor-widget-container\">\n\t\t\t<!-- TradingView Widget BEGIN -->\n<div class=\"tradingview-widget-container\">\n  <div class=\"tradingview-widget-container__widget\"><\/div>\n  <script type=\"text\/javascript\" src=\"https:\/\/s3.tradingview.com\/external-embedding\/embed-widget-technical-analysis.js\" async>\n  {\n  \"interval\": \"1m\",\n  \"width\": \"100%\",\n  \"isTransparent\": true,\n  \"height\": 370,\n  \"symbol\": \"NASDAQ:TSLA\",\n  \"showIntervalTabs\": true,\n  \"displayMode\": \"single\",\n  \"locale\": \"cs\",\n  \"colorTheme\": \"light\"\n}\n  <\/script>\n<\/div>\n<a href=\"\/\" class=\"brand-label\"><img decoding=\"async\" src=\"https:\/\/xparesfinance.pro\/wp-content\/uploads\/2024\/07\/favicon-tw.png\"\/><p>Xpares Finance<\/p><\/a>\n<!-- TradingView Widget END -->\t\t<\/div>\n\t\t\t\t<\/div>\n\t\t\t\t\t<\/div>\n\t\t<\/div>\n\t\t\t\t<div class=\"elementor-column elementor-col-33 elementor-inner-column elementor-element elementor-element-716b7ae elementor-invisible\" data-id=\"716b7ae\" data-element_type=\"column\" data-settings=\"{&quot;background_background&quot;:&quot;classic&quot;,&quot;animation&quot;:&quot;zoomOutUp&quot;,&quot;animation_delay&quot;:200}\">\n\t\t\t<div class=\"elementor-widget-wrap elementor-element-populated\">\n\t\t\t\t\t\t<div class=\"elementor-element elementor-element-993b4aa elementor-widget elementor-widget-html\" data-id=\"993b4aa\" data-element_type=\"widget\" data-widget_type=\"html.default\">\n\t\t\t\t<div class=\"elementor-widget-container\">\n\t\t\t<!-- TradingView Widget BEGIN -->\n<div class=\"tradingview-widget-container\">\n  <div class=\"tradingview-widget-container__widget\"><\/div>\n  <script type=\"text\/javascript\" src=\"https:\/\/s3.tradingview.com\/external-embedding\/embed-widget-technical-analysis.js\" async>\n  {\n  \"interval\": \"1m\",\n  \"width\": \"100%\",\n  \"isTransparent\": true,\n  \"height\": 370,\n  \"symbol\": \"NASDAQ:GOOGL\",\n  \"showIntervalTabs\": true,\n  \"displayMode\": \"single\",\n  \"locale\": \"cs\",\n  \"colorTheme\": \"light\"\n}\n  <\/script>\n<\/div>\n<a href=\"\/\" class=\"brand-label\"><img decoding=\"async\" src=\"https:\/\/xparesfinance.pro\/wp-content\/uploads\/2024\/07\/favicon-tw.png\"\/><p>Xpares Finance<\/p><\/a>\n<!-- TradingView Widget END -->\t\t<\/div>\n\t\t\t\t<\/div>\n\t\t\t\t\t<\/div>\n\t\t<\/div>\n\t\t\t\t<div class=\"elementor-column elementor-col-33 elementor-inner-column elementor-element elementor-element-ebb59a0 elementor-invisible\" data-id=\"ebb59a0\" data-element_type=\"column\" data-settings=\"{&quot;background_background&quot;:&quot;classic&quot;,&quot;animation&quot;:&quot;zoomOutUp&quot;,&quot;animation_delay&quot;:200}\">\n\t\t\t<div class=\"elementor-widget-wrap elementor-element-populated\">\n\t\t\t\t\t\t<div class=\"elementor-element elementor-element-1d8f88d elementor-widget elementor-widget-html\" data-id=\"1d8f88d\" data-element_type=\"widget\" data-widget_type=\"html.default\">\n\t\t\t\t<div class=\"elementor-widget-container\">\n\t\t\t<!-- TradingView Widget BEGIN -->\n<div class=\"tradingview-widget-container\">\n  <div class=\"tradingview-widget-container__widget\"><\/div>\n  <script type=\"text\/javascript\" src=\"https:\/\/s3.tradingview.com\/external-embedding\/embed-widget-technical-analysis.js\" async>\n  {\n  \"interval\": \"1m\",\n  \"width\": \"100%\",\n  \"isTransparent\": true,\n  \"height\": 370,\n  \"symbol\": \"NASDAQ:AMZN\",\n  \"showIntervalTabs\": true,\n  \"displayMode\": \"single\",\n  \"locale\": \"cs\",\n  \"colorTheme\": \"light\"\n}\n  <\/script>\n<\/div>\n<a href=\"\/\" class=\"brand-label\"><img decoding=\"async\" src=\"https:\/\/xparesfinance.pro\/wp-content\/uploads\/2024\/07\/favicon-tw.png\"\/><p>Xpares Finance<\/p><\/a>\n<!-- TradingView Widget END -->\t\t<\/div>\n\t\t\t\t<\/div>\n\t\t\t\t\t<\/div>\n\t\t<\/div>\n\t\t\t\t\t<\/div>\n\t\t<\/section>\n\t\t\t\t<section class=\"elementor-section elementor-inner-section elementor-element elementor-element-940fc1e elementor-section-boxed elementor-section-height-default elementor-section-height-default\" data-id=\"940fc1e\" data-element_type=\"section\">\n\t\t\t\t\t\t<div class=\"elementor-container elementor-column-gap-default\">\n\t\t\t\t\t<div class=\"elementor-column elementor-col-33 elementor-inner-column elementor-element elementor-element-6df5cca elementor-invisible\" data-id=\"6df5cca\" data-element_type=\"column\" data-settings=\"{&quot;background_background&quot;:&quot;classic&quot;,&quot;animation&quot;:&quot;zoomOutUp&quot;,&quot;animation_delay&quot;:200}\">\n\t\t\t<div class=\"elementor-widget-wrap elementor-element-populated\">\n\t\t\t\t\t\t<div class=\"elementor-element elementor-element-ae779ea elementor-widget elementor-widget-html\" data-id=\"ae779ea\" data-element_type=\"widget\" data-widget_type=\"html.default\">\n\t\t\t\t<div class=\"elementor-widget-container\">\n\t\t\t<!-- TradingView Widget BEGIN -->\n<div class=\"tradingview-widget-container\">\n  <div class=\"tradingview-widget-container__widget\"><\/div>\n  <script type=\"text\/javascript\" src=\"https:\/\/s3.tradingview.com\/external-embedding\/embed-widget-technical-analysis.js\" async>\n  {\n  \"interval\": \"1m\",\n  \"width\": \"100%\",\n  \"isTransparent\": true,\n  \"height\": 370,\n  \"symbol\": \"NASDAQ:NFLX\",\n  \"showIntervalTabs\": true,\n  \"displayMode\": \"single\",\n  \"locale\": \"cs\",\n  \"colorTheme\": \"light\"\n}\n  <\/script>\n<\/div>\n<a href=\"\/\" class=\"brand-label\"><img decoding=\"async\" src=\"https:\/\/xparesfinance.pro\/wp-content\/uploads\/2024\/07\/favicon-tw.png\"\/><p>Xpares Finance<\/p><\/a>\n<!-- TradingView Widget END -->\t\t<\/div>\n\t\t\t\t<\/div>\n\t\t\t\t\t<\/div>\n\t\t<\/div>\n\t\t\t\t<div class=\"elementor-column elementor-col-33 elementor-inner-column elementor-element elementor-element-8f1b9e9 elementor-invisible\" data-id=\"8f1b9e9\" data-element_type=\"column\" data-settings=\"{&quot;background_background&quot;:&quot;classic&quot;,&quot;animation&quot;:&quot;zoomOutUp&quot;,&quot;animation_delay&quot;:200}\">\n\t\t\t<div class=\"elementor-widget-wrap elementor-element-populated\">\n\t\t\t\t\t\t<div class=\"elementor-element elementor-element-dfca89f elementor-widget elementor-widget-html\" data-id=\"dfca89f\" data-element_type=\"widget\" data-widget_type=\"html.default\">\n\t\t\t\t<div class=\"elementor-widget-container\">\n\t\t\t<!-- TradingView Widget BEGIN -->\n<div class=\"tradingview-widget-container\">\n  <div class=\"tradingview-widget-container__widget\"><\/div>\n  <script type=\"text\/javascript\" src=\"https:\/\/s3.tradingview.com\/external-embedding\/embed-widget-technical-analysis.js\" async>\n  {\n  \"interval\": \"1m\",\n  \"width\": \"100%\",\n  \"isTransparent\": true,\n  \"height\": 370,\n  \"symbol\": \"NASDAQ:AMD\",\n  \"showIntervalTabs\": true,\n  \"displayMode\": \"single\",\n  \"locale\": \"cs\",\n  \"colorTheme\": \"light\"\n}\n  <\/script>\n<\/div>\n<a href=\"\/\" class=\"brand-label\"><img decoding=\"async\" src=\"https:\/\/xparesfinance.pro\/wp-content\/uploads\/2024\/07\/favicon-tw.png\"\/><p>Xpares Finance<\/p><\/a>\n<!-- TradingView Widget END -->\t\t<\/div>\n\t\t\t\t<\/div>\n\t\t\t\t\t<\/div>\n\t\t<\/div>\n\t\t\t\t<div class=\"elementor-column elementor-col-33 elementor-inner-column elementor-element elementor-element-2407d4e elementor-invisible\" data-id=\"2407d4e\" data-element_type=\"column\" data-settings=\"{&quot;background_background&quot;:&quot;classic&quot;,&quot;animation&quot;:&quot;zoomOutUp&quot;,&quot;animation_delay&quot;:200}\">\n\t\t\t<div class=\"elementor-widget-wrap elementor-element-populated\">\n\t\t\t\t\t\t<div class=\"elementor-element elementor-element-e0c8163 elementor-widget elementor-widget-html\" data-id=\"e0c8163\" data-element_type=\"widget\" data-widget_type=\"html.default\">\n\t\t\t\t<div class=\"elementor-widget-container\">\n\t\t\t<!-- TradingView Widget BEGIN -->\n<div class=\"tradingview-widget-container\">\n  <div class=\"tradingview-widget-container__widget\"><\/div>\n  <script type=\"text\/javascript\" src=\"https:\/\/s3.tradingview.com\/external-embedding\/embed-widget-technical-analysis.js\" async>\n  {\n  \"interval\": \"1m\",\n  \"width\": \"100%\",\n  \"isTransparent\": true,\n  \"height\": 370,\n  \"symbol\": \"NASDAQ:META\",\n  \"showIntervalTabs\": true,\n  \"displayMode\": \"single\",\n  \"locale\": \"cs\",\n  \"colorTheme\": \"light\"\n}\n  <\/script>\n<\/div>\n<a href=\"\/\" class=\"brand-label\"><img decoding=\"async\" src=\"https:\/\/xparesfinance.pro\/wp-content\/uploads\/2024\/07\/favicon-tw.png\"\/><p>Xpares Finance<\/p><\/a>\n<!-- TradingView Widget END -->\t\t<\/div>\n\t\t\t\t<\/div>\n\t\t\t\t\t<\/div>\n\t\t<\/div>\n\t\t\t\t\t<\/div>\n\t\t<\/section>\n\t\t\t\t\t<\/div>\n\t\t<\/div>\n\t\t\t\t\t<\/div>\n\t\t<\/section>\n\t\t\t\t<\/div>\n\t\t","protected":false},"excerpt":{"rendered":"<p>TECHNICK\u00c1 ANAL\u00ddZA Tento n\u00e1stroj v\u00e1m pom\u016f\u017ee pou\u017e\u00edt r\u016fzn\u00e9 strategie a naj\u00edt nejlep\u0161\u00ed p\u0159\u00edle\u017eitosti ke vstupu a v\u00fdstupu z pozice. POSUNOUT DOL\u016e Xpares [&hellip;]<\/p>\n","protected":false},"author":3,"featured_media":0,"parent":0,"menu_order":0,"comment_status":"closed","ping_status":"closed","template":"","meta":[],"_links":{"self":[{"href":"https:\/\/xparesfinance.pro\/cs\/wp-json\/wp\/v2\/pages\/1402"}],"collection":[{"href":"https:\/\/xparesfinance.pro\/cs\/wp-json\/wp\/v2\/pages"}],"about":[{"href":"https:\/\/xparesfinance.pro\/cs\/wp-json\/wp\/v2\/types\/page"}],"author":[{"embeddable":true,"href":"https:\/\/xparesfinance.pro\/cs\/wp-json\/wp\/v2\/users\/3"}],"replies":[{"embeddable":true,"href":"https:\/\/xparesfinance.pro\/cs\/wp-json\/wp\/v2\/comments?post=1402"}],"version-history":[{"count":4,"href":"https:\/\/xparesfinance.pro\/cs\/wp-json\/wp\/v2\/pages\/1402\/revisions"}],"predecessor-version":[{"id":1782,"href":"https:\/\/xparesfinance.pro\/cs\/wp-json\/wp\/v2\/pages\/1402\/revisions\/1782"}],"wp:attachment":[{"href":"https:\/\/xparesfinance.pro\/cs\/wp-json\/wp\/v2\/media?parent=1402"}],"curies":[{"name":"wp","href":"https:\/\/api.w.org\/{rel}","templated":true}]}}